{"id":7147,"date":"2021-12-07T12:45:06","date_gmt":"2021-12-07T12:45:06","guid":{"rendered":"http:\/\/daoaruba.com\/?page_id=7147"},"modified":"2024-05-29T19:14:01","modified_gmt":"2024-05-29T19:14:01","slug":"esh-verdragen","status":"publish","type":"page","link":"https:\/\/daoaruba.com\/index.php\/esh-verdragen\/","title":{"rendered":"ESH Verdragen"},"content":{"rendered":"<div class=\"wpb-content-wrapper\"><p>[vc_row css=&#8221;.vc_custom_1451991003825{margin-bottom: 100px !important;}&#8221;][vc_column offset=&#8221;vc_col-lg-9 vc_col-md-9&#8243;][vc_column_text css=&#8221;.vc_custom_1638880919942{margin-top: 40px !important;}&#8221;]<\/p>\n<h3>Het Europees Sociaal Handvest (ESH):<\/h3>\n<p>Het Europees Sociaal Handvest (ESH) is een mensenrechtenverdrag waarin rechten en vrijheden vastliggen die moeten worden gerespecteerd door de staten die het ondertekend hebben en in 1961 opgesteld. Via een overkoepelend mechanisme wordt maximale naleving gegarandeerd. Niettemin zijn de meeste artikelen als aanbevelingen of streefdoel geformuleerd, niet als bindende voorschriften. Nederland stemde in 2004 in met de laatste versie van het ESH. Land Aruba, als onderdeel van de Koninkrijk der Nederlanden, is verbonden aan bepaalde ESH artikelen.<\/p>\n<p>In 2006 werd het ESH rapportagesysteem herzien en onderverdeeld in vier thematische groepen, te weten:<\/p>\n<ul>\n<li>Groep 1: Werkgelegenheid, opleiding en gelijke kansen;<\/li>\n<li>Groep 2: Gezondheidszorg, sociale zekerheid en sociale bescherming<\/li>\n<li>Groep 3: Arbeid srechten<\/li>\n<li>Groep 4: Kinderen, gezinnen, migranten<\/li>\n<\/ul>\n<p>Elk lidstaat dient op jaarbasis over te rapporteren over de bepalingen met betrekking tot \u00e9\u00e9n van de vier thematische groepen op jaarbasis. Elke bepaling van het Handvest moet om de vier jaar gerapporteerd worden.<\/p>\n<h3>Europese Comit\u00e9 voor Sociale Rechten (ECSR):<\/h3>\n<p>Het Europese Comit\u00e9 voor Sociale Rechten (ECSR) controleert of de aangesloten landen de regels van het handvest naleven. Het comit\u00e9 bestaat uit vijftien onafhankelijke, onpartijdige leden gekozen door het Comit\u00e9 van Ministers van de Raad van Europa. Een zittingsperiode van een comit\u00e9 duurt zes jaar en mag maximaal \u00e9\u00e9n keer verlengd worden. De aangesloten staten moeten \u00e9\u00e9n keer per jaar een rapport maken waarin staat hoe ze (enkele van) de voorschriften in de praktijk brengen.<\/p>\n<h3>Schending van de regels :<\/h3>\n<p>Bij schendingen van de regels kunnen de volgende partijen een klacht bij het ECSR indienen:<\/p>\n<ul>\n<li>de ETUC, UNICE en IOE<\/li>\n<li>niet-gouvernementele organisaties (NGO\u2019s), met adviesstatus bij de Raad van Europa, die op een door het regeringscomit\u00e9 opgestelde lijst staan<\/li>\n<li>werknemersorganisaties en vakbonden in aangesloten landen<\/li>\n<li>nationale NGO&#8217;s (in staten die dit ook hebben aanvaard)<\/li>\n<\/ul>\n<p>Gevolgen van de toepassing van het Handvest zijn in diverse staten. Als gevolg van het hierboven beschreven toezichtsmechanisme, voeren staten vele veranderingen door in hun nationale wetgeving of praktijk om de situatie in overeenstemming te brengen met het Handvest. Details hierover (en van actuele ontwikkelingen) kunnen in de \u201ccountry factsheets\u201d (landeninformatie) geraadpleegd worden, te vinden op de website.<\/p>\n<p><strong>Waar is nadere informatie over het Handvest te vinden?<\/strong><\/p>\n<ul>\n<li><a href=\"http:\/\/hudoc.esc.coe.int\/eng\">Website HUDOC-ESC<\/a>, met betrekking tot de Handvest- database;<\/li>\n<li><a href=\"http:\/\/www.coe.int\/t\/dghl\/monitoring\/socialcharter\/ECSR\/ECSRdefault_en.asp\">Website van het Handvest<\/a>, met betrekking tot het raadplegen van alle nationale rapporten (inclusief van Land Aruba) en landeninformatie.<\/li>\n<\/ul>\n<p>[\/vc_column_text][vc_column_text css=&#8221;.vc_custom_1638806184352{margin-top: 40px !important;}&#8221;][\/vc_column_text][\/vc_column][vc_column width=&#8221;1\/4&#8243; offset=&#8221;vc_hidden-sm vc_hidden-xs&#8221;][\/vc_column][\/vc_row]<\/p>\n<\/div>","protected":false},"excerpt":{"rendered":"<p>[vc_row css=&#8221;.vc_custom_1451991003825{margin-bottom: 100px !important;}&#8221;][vc_column offset=&#8221;vc_col-lg-9 vc_col-md-9&#8243;][vc_column_text css=&#8221;.vc_custom_1638880919942{margin-top: 40px !important;}&#8221;] Het Europees Sociaal Handvest (ESH): Het Europees Sociaal Handvest (ESH) is een mensenrechtenverdrag waarin rechten en vrijheden vastliggen die moeten worden gerespecteerd door de staten die het ondertekend hebben en in 1961 opgesteld. Via een overkoepelend mechanisme wordt maximale naleving gegarandeerd. Niettemin zijn de meeste artikelen<\/p>\n","protected":false},"author":1,"featured_media":0,"parent":0,"menu_order":0,"comment_status":"closed","ping_status":"closed","template":"","meta":{"_monsterinsights_skip_tracking":false,"_monsterinsights_sitenote_active":false,"_monsterinsights_sitenote_note":"","_monsterinsights_sitenote_category":0,"_uf_show_specific_survey":0,"_uf_disable_surveys":false,"footnotes":""},"class_list":["post-7147","page","type-page","status-publish","hentry"],"aioseo_notices":[],"_links":{"self":[{"href":"https:\/\/daoaruba.com\/index.php\/wp-json\/wp\/v2\/pages\/7147","targetHints":{"allow":["GET"]}}],"collection":[{"href":"https:\/\/daoaruba.com\/index.php\/wp-json\/wp\/v2\/pages"}],"about":[{"href":"https:\/\/daoaruba.com\/index.php\/wp-json\/wp\/v2\/types\/page"}],"author":[{"embeddable":true,"href":"https:\/\/daoaruba.com\/index.php\/wp-json\/wp\/v2\/users\/1"}],"replies":[{"embeddable":true,"href":"https:\/\/daoaruba.com\/index.php\/wp-json\/wp\/v2\/comments?post=7147"}],"version-history":[{"count":3,"href":"https:\/\/daoaruba.com\/index.php\/wp-json\/wp\/v2\/pages\/7147\/revisions"}],"predecessor-version":[{"id":7826,"href":"https:\/\/daoaruba.com\/index.php\/wp-json\/wp\/v2\/pages\/7147\/revisions\/7826"}],"wp:attachment":[{"href":"https:\/\/daoaruba.com\/index.php\/wp-json\/wp\/v2\/media?parent=7147"}],"curies":[{"name":"wp","href":"https:\/\/api.w.org\/{rel}","templated":true}]}}